{"id":1434,"date":"2023-01-28T13:28:34","date_gmt":"2023-01-28T12:28:34","guid":{"rendered":"https:\/\/www.greis.ch\/blog\/?page_id=1434"},"modified":"2023-01-28T13:28:34","modified_gmt":"2023-01-28T12:28:34","slug":"presse","status":"publish","type":"page","link":"http:\/\/www.greis.ch\/blog\/presse\/","title":{"rendered":"Presse"},"content":{"rendered":"\n<figure class=\"wp-block-gallery has-nested-images columns-default is-cropped wp-block-gallery-1 is-layout-flex wp-block-gallery-is-layout-flex\">\n<figure class=\"wp-block-image size-large\"><img loading=\"lazy\" decoding=\"async\" width=\"666\" height=\"1000\" data-id=\"603\" src=\"https:\/\/www.greis.ch\/blog\/wp-content\/uploads\/2012\/04\/greis201201-666x1000.jpg\" alt=\"\" class=\"wp-image-603\" srcset=\"http:\/\/www.greis.ch\/blog\/wp-content\/uploads\/2012\/04\/greis201201-666x1000.jpg 666w, http:\/\/www.greis.ch\/blog\/wp-content\/uploads\/2012\/04\/greis201201-100x150.jpg 100w, http:\/\/www.greis.ch\/blog\/wp-content\/uploads\/2012\/04\/greis201201-300x449.jpg 300w\" sizes=\"auto, (max-width: 666px) 100vw, 666px\" \/><\/figure>\n\n\n\n<figure class=\"wp-block-image size-large\"><img loading=\"lazy\" decoding=\"async\" width=\"666\" height=\"1000\" data-id=\"604\" src=\"https:\/\/www.greis.ch\/blog\/wp-content\/uploads\/2012\/04\/greis201202-666x1000.jpg\" alt=\"\" class=\"wp-image-604\" srcset=\"http:\/\/www.greis.ch\/blog\/wp-content\/uploads\/2012\/04\/greis201202-666x1000.jpg 666w, http:\/\/www.greis.ch\/blog\/wp-content\/uploads\/2012\/04\/greis201202-100x150.jpg 100w, http:\/\/www.greis.ch\/blog\/wp-content\/uploads\/2012\/04\/greis201202-300x449.jpg 300w\" sizes=\"auto, (max-width: 666px) 100vw, 666px\" \/><\/figure>\n\n\n\n<figure class=\"wp-block-image size-large\"><img loading=\"lazy\" decoding=\"async\" width=\"666\" height=\"1000\" data-id=\"605\" src=\"https:\/\/www.greis.ch\/blog\/wp-content\/uploads\/2012\/04\/greis201203-666x1000.jpg\" alt=\"\" class=\"wp-image-605\" srcset=\"http:\/\/www.greis.ch\/blog\/wp-content\/uploads\/2012\/04\/greis201203-666x1000.jpg 666w, http:\/\/www.greis.ch\/blog\/wp-content\/uploads\/2012\/04\/greis201203-100x150.jpg 100w, http:\/\/www.greis.ch\/blog\/wp-content\/uploads\/2012\/04\/greis201203-300x449.jpg 300w\" sizes=\"auto, (max-width: 666px) 100vw, 666px\" \/><\/figure>\n\n\n\n<figure class=\"wp-block-image size-large\"><img loading=\"lazy\" decoding=\"async\" width=\"1000\" height=\"666\" data-id=\"606\" src=\"https:\/\/www.greis.ch\/blog\/wp-content\/uploads\/2012\/04\/greis201204-1000x666.jpg\" alt=\"\" class=\"wp-image-606\" srcset=\"http:\/\/www.greis.ch\/blog\/wp-content\/uploads\/2012\/04\/greis201204-1000x666.jpg 1000w, http:\/\/www.greis.ch\/blog\/wp-content\/uploads\/2012\/04\/greis201204-150x100.jpg 150w, http:\/\/www.greis.ch\/blog\/wp-content\/uploads\/2012\/04\/greis201204-449x300.jpg 449w\" sizes=\"auto, (max-width: 1000px) 100vw, 1000px\" \/><\/figure>\n\n\n\n<figure class=\"wp-block-image size-large\"><img loading=\"lazy\" decoding=\"async\" width=\"666\" height=\"1000\" data-id=\"607\" src=\"https:\/\/www.greis.ch\/blog\/wp-content\/uploads\/2012\/04\/greis201205-666x1000.jpg\" alt=\"\" class=\"wp-image-607\" srcset=\"http:\/\/www.greis.ch\/blog\/wp-content\/uploads\/2012\/04\/greis201205-666x1000.jpg 666w, http:\/\/www.greis.ch\/blog\/wp-content\/uploads\/2012\/04\/greis201205-100x150.jpg 100w, http:\/\/www.greis.ch\/blog\/wp-content\/uploads\/2012\/04\/greis201205-300x449.jpg 300w\" sizes=\"auto, (max-width: 666px) 100vw, 666px\" \/><\/figure>\n\n\n\n<figure class=\"wp-block-image size-large\"><img loading=\"lazy\" decoding=\"async\" width=\"666\" height=\"1000\" data-id=\"625\" src=\"https:\/\/www.greis.ch\/blog\/wp-content\/uploads\/2012\/04\/greis201206-666x1000.jpg\" alt=\"\" class=\"wp-image-625\" srcset=\"http:\/\/www.greis.ch\/blog\/wp-content\/uploads\/2012\/04\/greis201206-666x1000.jpg 666w, http:\/\/www.greis.ch\/blog\/wp-content\/uploads\/2012\/04\/greis201206-100x150.jpg 100w, http:\/\/www.greis.ch\/blog\/wp-content\/uploads\/2012\/04\/greis201206-300x450.jpg 300w\" sizes=\"auto, (max-width: 666px) 100vw, 666px\" \/><\/figure>\n\n\n\n<figure class=\"wp-block-image size-large\"><img loading=\"lazy\" decoding=\"async\" width=\"1000\" height=\"666\" data-id=\"646\" src=\"https:\/\/www.greis.ch\/blog\/wp-content\/uploads\/2012\/04\/greis201207-1000x666.jpg\" alt=\"\" class=\"wp-image-646\" srcset=\"http:\/\/www.greis.ch\/blog\/wp-content\/uploads\/2012\/04\/greis201207-1000x666.jpg 1000w, http:\/\/www.greis.ch\/blog\/wp-content\/uploads\/2012\/04\/greis201207-150x100.jpg 150w, http:\/\/www.greis.ch\/blog\/wp-content\/uploads\/2012\/04\/greis201207-450x300.jpg 450w\" sizes=\"auto, (max-width: 1000px) 100vw, 1000px\" \/><\/figure>\n\n\n\n<figure class=\"wp-block-image size-large\"><img loading=\"lazy\" decoding=\"async\" width=\"750\" height=\"1000\" data-id=\"711\" src=\"https:\/\/www.greis.ch\/blog\/wp-content\/uploads\/2012\/04\/greis_2_filter-750x1000.jpg\" alt=\"\" class=\"wp-image-711\" srcset=\"http:\/\/www.greis.ch\/blog\/wp-content\/uploads\/2012\/04\/greis_2_filter-750x1000.jpg 750w, http:\/\/www.greis.ch\/blog\/wp-content\/uploads\/2012\/04\/greis_2_filter-112x150.jpg 112w, http:\/\/www.greis.ch\/blog\/wp-content\/uploads\/2012\/04\/greis_2_filter-337x450.jpg 337w\" sizes=\"auto, (max-width: 750px) 100vw, 750px\" \/><\/figure>\n\n\n\n<figure class=\"wp-block-image size-large\"><img loading=\"lazy\" decoding=\"async\" width=\"750\" height=\"1000\" data-id=\"712\" src=\"https:\/\/www.greis.ch\/blog\/wp-content\/uploads\/2012\/04\/greis_3_filter-750x1000.jpg\" alt=\"\" class=\"wp-image-712\" srcset=\"http:\/\/www.greis.ch\/blog\/wp-content\/uploads\/2012\/04\/greis_3_filter-750x1000.jpg 750w, http:\/\/www.greis.ch\/blog\/wp-content\/uploads\/2012\/04\/greis_3_filter-112x150.jpg 112w, http:\/\/www.greis.ch\/blog\/wp-content\/uploads\/2012\/04\/greis_3_filter-337x450.jpg 337w\" sizes=\"auto, (max-width: 750px) 100vw, 750px\" \/><\/figure>\n\n\n\n<figure class=\"wp-block-image size-large\"><img loading=\"lazy\" decoding=\"async\" width=\"750\" height=\"1000\" data-id=\"713\" src=\"https:\/\/www.greis.ch\/blog\/wp-content\/uploads\/2012\/04\/greis_4_filter-750x1000.jpg\" alt=\"\" class=\"wp-image-713\" srcset=\"http:\/\/www.greis.ch\/blog\/wp-content\/uploads\/2012\/04\/greis_4_filter-750x1000.jpg 750w, http:\/\/www.greis.ch\/blog\/wp-content\/uploads\/2012\/04\/greis_4_filter-112x150.jpg 112w, http:\/\/www.greis.ch\/blog\/wp-content\/uploads\/2012\/04\/greis_4_filter-337x450.jpg 337w\" sizes=\"auto, (max-width: 750px) 100vw, 750px\" \/><\/figure>\n\n\n\n<figure class=\"wp-block-image size-large\"><img loading=\"lazy\" decoding=\"async\" width=\"1000\" height=\"1000\" data-id=\"714\" src=\"https:\/\/www.greis.ch\/blog\/wp-content\/uploads\/2012\/04\/greis_claud_filter-1000x1000.jpg\" alt=\"\" class=\"wp-image-714\" srcset=\"http:\/\/www.greis.ch\/blog\/wp-content\/uploads\/2012\/04\/greis_claud_filter-1000x1000.jpg 1000w, http:\/\/www.greis.ch\/blog\/wp-content\/uploads\/2012\/04\/greis_claud_filter-150x150.jpg 150w, http:\/\/www.greis.ch\/blog\/wp-content\/uploads\/2012\/04\/greis_claud_filter-450x450.jpg 450w\" sizes=\"auto, (max-width: 1000px) 100vw, 1000px\" \/><\/figure>\n\n\n\n<figure class=\"wp-block-image size-large\"><img loading=\"lazy\" decoding=\"async\" width=\"1000\" height=\"749\" data-id=\"715\" src=\"https:\/\/www.greis.ch\/blog\/wp-content\/uploads\/2012\/04\/greis_jj_claud_filter-1000x749.jpg\" alt=\"\" class=\"wp-image-715\" srcset=\"http:\/\/www.greis.ch\/blog\/wp-content\/uploads\/2012\/04\/greis_jj_claud_filter-1000x749.jpg 1000w, http:\/\/www.greis.ch\/blog\/wp-content\/uploads\/2012\/04\/greis_jj_claud_filter-150x112.jpg 150w, http:\/\/www.greis.ch\/blog\/wp-content\/uploads\/2012\/04\/greis_jj_claud_filter-450x337.jpg 450w\" sizes=\"auto, (max-width: 1000px) 100vw, 1000px\" \/><\/figure>\n\n\n\n<figure class=\"wp-block-image size-large\"><img loading=\"lazy\" decoding=\"async\" width=\"1000\" height=\"749\" data-id=\"716\" src=\"https:\/\/www.greis.ch\/blog\/wp-content\/uploads\/2012\/04\/greis_jj_claud_2_filter-1000x749.jpg\" alt=\"\" class=\"wp-image-716\" srcset=\"http:\/\/www.greis.ch\/blog\/wp-content\/uploads\/2012\/04\/greis_jj_claud_2_filter-1000x749.jpg 1000w, http:\/\/www.greis.ch\/blog\/wp-content\/uploads\/2012\/04\/greis_jj_claud_2_filter-150x112.jpg 150w, http:\/\/www.greis.ch\/blog\/wp-content\/uploads\/2012\/04\/greis_jj_claud_2_filter-450x337.jpg 450w\" sizes=\"auto, (max-width: 1000px) 100vw, 1000px\" \/><\/figure>\n\n\n\n<figure class=\"wp-block-image size-large\"><img loading=\"lazy\" decoding=\"async\" width=\"688\" height=\"1000\" data-id=\"971\" src=\"https:\/\/www.greis.ch\/blog\/wp-content\/uploads\/2013\/02\/torvioll31-688x1000.jpg\" alt=\"\" class=\"wp-image-971\" srcset=\"http:\/\/www.greis.ch\/blog\/wp-content\/uploads\/2013\/02\/torvioll31-688x1000.jpg 688w, http:\/\/www.greis.ch\/blog\/wp-content\/uploads\/2013\/02\/torvioll31-103x150.jpg 103w, http:\/\/www.greis.ch\/blog\/wp-content\/uploads\/2013\/02\/torvioll31-309x450.jpg 309w\" sizes=\"auto, (max-width: 688px) 100vw, 688px\" \/><\/figure>\n\n\n\n<figure class=\"wp-block-image size-large\"><img loading=\"lazy\" decoding=\"async\" width=\"666\" height=\"1000\" data-id=\"972\" src=\"https:\/\/www.greis.ch\/blog\/wp-content\/uploads\/2013\/02\/torvioll2-666x1000.jpg\" alt=\"\" class=\"wp-image-972\" srcset=\"http:\/\/www.greis.ch\/blog\/wp-content\/uploads\/2013\/02\/torvioll2-666x1000.jpg 666w, http:\/\/www.greis.ch\/blog\/wp-content\/uploads\/2013\/02\/torvioll2-100x150.jpg 100w, http:\/\/www.greis.ch\/blog\/wp-content\/uploads\/2013\/02\/torvioll2-300x450.jpg 300w\" sizes=\"auto, (max-width: 666px) 100vw, 666px\" \/><\/figure>\n\n\n\n<figure class=\"wp-block-image size-large\"><img loading=\"lazy\" decoding=\"async\" width=\"1000\" height=\"1000\" data-id=\"973\" src=\"https:\/\/www.greis.ch\/blog\/wp-content\/uploads\/2013\/02\/foto2-1000x1000.jpg\" alt=\"\" class=\"wp-image-973\" srcset=\"http:\/\/www.greis.ch\/blog\/wp-content\/uploads\/2013\/02\/foto2-1000x1000.jpg 1000w, http:\/\/www.greis.ch\/blog\/wp-content\/uploads\/2013\/02\/foto2-150x150.jpg 150w, http:\/\/www.greis.ch\/blog\/wp-content\/uploads\/2013\/02\/foto2-450x450.jpg 450w, http:\/\/www.greis.ch\/blog\/wp-content\/uploads\/2013\/02\/foto2.jpg 1200w\" sizes=\"auto, (max-width: 1000px) 100vw, 1000px\" \/><\/figure>\n\n\n\n<figure class=\"wp-block-image size-large\"><img loading=\"lazy\" decoding=\"async\" width=\"1000\" height=\"666\" data-id=\"1131\" src=\"https:\/\/www.greis.ch\/blog\/wp-content\/uploads\/2015\/11\/Greis-by-Janosch-Abel-03-1000x666.jpg\" alt=\"Greis 2015 by Janosch Abel (03)\" class=\"wp-image-1131\" srcset=\"http:\/\/www.greis.ch\/blog\/wp-content\/uploads\/2015\/11\/Greis-by-Janosch-Abel-03-1000x666.jpg 1000w, http:\/\/www.greis.ch\/blog\/wp-content\/uploads\/2015\/11\/Greis-by-Janosch-Abel-03-150x100.jpg 150w, http:\/\/www.greis.ch\/blog\/wp-content\/uploads\/2015\/11\/Greis-by-Janosch-Abel-03-450x300.jpg 450w\" sizes=\"auto, (max-width: 1000px) 100vw, 1000px\" \/><figcaption class=\"wp-element-caption\">Greis 2015 by Janosch Abel (03)<\/figcaption><\/figure>\n\n\n\n<figure class=\"wp-block-image size-large\"><img loading=\"lazy\" decoding=\"async\" width=\"1000\" height=\"750\" data-id=\"1132\" src=\"https:\/\/www.greis.ch\/blog\/wp-content\/uploads\/2015\/11\/Greis-by-Janosch-Abel-07-1000x750.jpg\" alt=\"Greis 2015 by Janosch Abel (07)\" class=\"wp-image-1132\" srcset=\"http:\/\/www.greis.ch\/blog\/wp-content\/uploads\/2015\/11\/Greis-by-Janosch-Abel-07-1000x750.jpg 1000w, http:\/\/www.greis.ch\/blog\/wp-content\/uploads\/2015\/11\/Greis-by-Janosch-Abel-07-150x112.jpg 150w, http:\/\/www.greis.ch\/blog\/wp-content\/uploads\/2015\/11\/Greis-by-Janosch-Abel-07-450x337.jpg 450w\" sizes=\"auto, (max-width: 1000px) 100vw, 1000px\" \/><figcaption class=\"wp-element-caption\">Greis 2015 by Janosch Abel (07)<\/figcaption><\/figure>\n\n\n\n<figure class=\"wp-block-image size-large\"><img loading=\"lazy\" decoding=\"async\" width=\"749\" height=\"1000\" data-id=\"1133\" src=\"https:\/\/www.greis.ch\/blog\/wp-content\/uploads\/2015\/11\/Greis-by-Janosch-Abel-08-749x1000.jpg\" alt=\"Greis 2015 by Janosch Abel (08)\" class=\"wp-image-1133\" srcset=\"http:\/\/www.greis.ch\/blog\/wp-content\/uploads\/2015\/11\/Greis-by-Janosch-Abel-08-749x1000.jpg 749w, http:\/\/www.greis.ch\/blog\/wp-content\/uploads\/2015\/11\/Greis-by-Janosch-Abel-08-112x150.jpg 112w, http:\/\/www.greis.ch\/blog\/wp-content\/uploads\/2015\/11\/Greis-by-Janosch-Abel-08-337x450.jpg 337w\" sizes=\"auto, (max-width: 749px) 100vw, 749px\" \/><figcaption class=\"wp-element-caption\">Greis 2015 by Janosch Abel (08)<\/figcaption><\/figure>\n\n\n\n<figure class=\"wp-block-image size-large\"><img loading=\"lazy\" decoding=\"async\" width=\"749\" height=\"1000\" data-id=\"1134\" src=\"https:\/\/www.greis.ch\/blog\/wp-content\/uploads\/2015\/11\/Greis-by-Janosch-Abel-09-749x1000.jpg\" alt=\"Greis 2015 by Janosch Abel (09)\" class=\"wp-image-1134\" srcset=\"http:\/\/www.greis.ch\/blog\/wp-content\/uploads\/2015\/11\/Greis-by-Janosch-Abel-09-749x1000.jpg 749w, http:\/\/www.greis.ch\/blog\/wp-content\/uploads\/2015\/11\/Greis-by-Janosch-Abel-09-112x150.jpg 112w, http:\/\/www.greis.ch\/blog\/wp-content\/uploads\/2015\/11\/Greis-by-Janosch-Abel-09-337x450.jpg 337w\" sizes=\"auto, (max-width: 749px) 100vw, 749px\" \/><figcaption class=\"wp-element-caption\">Greis 2015 by Janosch Abel (09)<\/figcaption><\/figure>\n<\/figure>\n\n\n\n<p><strong>Pressestimmen zu &#8222;H\u00fcnd i parkierte Outos&#8220;:<\/strong><\/p>\n\n\n\n<p><a href=\"http:\/\/www.schwarzwaelder-bote.de\/inhalt.villingen-schwenningen-songs-voller-drive-mit-botschaften.9252cbf2-ed93-4757-b532-9aeb683f6db2.html\">Artikel im&nbsp;Schwarzw\u00e4lder Bote \u00fcber die Greis-Show in Baden W\u00fcrttemberg am 03.09.2016<\/a><\/p>\n\n\n\n<p>\u201eWenn sich ein talentvoller Mann in den Kokon zur\u00fcckzieht um in Ruhe zu arbeiten, dann ist das halt immer noch: Einsame Klasse.\u201c<\/p>\n\n\n\n<p>Tages-Anzeiger, 03.12.2015<\/p>\n\n\n\n<p>&#8222;Der Herbert Gr\u00f6nemeyer vom Schweizer Rap.&#8220;<\/p>\n\n\n\n<p>Radio SRF3, 03.03.2016<\/p>\n\n\n\n<p>\u201eWie Greis den Beginn der Europ\u00e4ischen Expansion mit den gegenw\u00e4rtigen Migrationsbewegungen verkn\u00fcpft, daf\u00fcr verleihen wir ihm an dieser Stelle einen postkolonialen Grammy.\u201c<\/p>\n\n\n\n<p>WOZ, 19.11.2015<\/p>\n\n\n\n<p>\u201eEs ist ein bewegendes St\u00fcckchen Zeitgeschichte \u00fcber Hoffnung, \u00c4ngste und Willen. Auch wenn man nicht derselben Meinung wie Greis ist, muss man ihm zugestehen: Relevanz hat der gute Mann.\u201c<\/p>\n\n\n\n<p>Aargauer Zeitung, 20.11.2015<\/p>\n\n\n\n<p>\u201eMir\u201c, die irgendwie junge, irgendwie linke, irgendwie urbane Schweiz hatte bisher keine w\u00fcrdige Hymne. \u201eTeil vomne Ganze\u201c ist eine Hymne. Und weil dieser Track den Kampf aufnimmt, habe ich von Minute 00:30 bis \u00fcber Minute 04:47 hinaus geheult.<\/p>\n\n\n\n<p>Vice \/ Noisey, 23.11.2015, http:\/\/noisey.vice.com\/alps\/blog\/greis-hat-uns-gemacht\u2013und-verlaesst-uns-nie-199<\/p>\n\n\n\n<p>\u201eTats\u00e4chlich wird man vom Berner auf eine einst\u00fcndige Reise mitgenommen, meist \u00fcber Wasser, in Richtung ungewisser Ufer, aber stets mit der Hoffnung im Gep\u00e4ck.\u201c<\/p>\n\n\n\n<p>20 Minuten, 24.11.2015<\/p>\n\n\n\n<p>\u201eDa sind sie auch: Der Greis\u2019sche Wortwitz, die Samtwarme Stimme. Gepaart mit der Romantik des Hauptprotagonisten ist es ein sch\u00f6nes Album geworden, eines, das gl\u00fccklich macht.\u201c<\/p>\n\n\n\n<p>Berner Kulturagenda, 02.12.2015<\/p>\n\n\n\n<p>\u201eDer Don Quijote der Schweizer Musikindustrie\u201c<\/p>\n\n\n\n<p>20 Minuten, 02.12.2015<\/p>\n\n\n\n<p><strong>Commentaires de presse sur &#8222;Greis Anatomy&#8220;:<\/strong><\/p>\n\n\n\n<p><a href=\"http:\/\/www.20min.ch\/ro\/musique\/news\/story\/Greis---J-ai-toujours-deboussole-mes-fans--14298312\" target=\"_blank\" rel=\"noreferrer noopener\">Article sur Anatomy dans le 20 Minutes, 20.2.2013<\/a><\/p>\n\n\n\n<p><a href=\"http:\/\/www.3sat.de\/mediathek\/index.php?display=1&amp;mode=play&amp;obj=34289\" target=\"_blank\" rel=\"noreferrer noopener\">Emission sur Greis sur la chaine allemande 3SAT<\/a><\/p>\n\n\n\n<p><a href=\"http:\/\/www.bernerzeitung.ch\/region\/bern\/Bern-ist-eine-Stadt-mit-Eiern\/story\/20447341\" target=\"_blank\" rel=\"noreferrer noopener\">Interview dans la Berner Zeitung, 15.04.2013<\/a><\/p>\n\n\n\n<p><a href=\"http:\/\/www.tageswoche.ch\/de\/2013_10\/kultur\/520463\/vom-narziss-zum-goldmund-die-renaissance-des-schweizer-rap.htm\" target=\"_blank\" rel=\"noreferrer noopener\">Article sur Anatomy dans la TagesWoche, 13.03.2013<\/a><\/p>\n\n\n\n<p><strong>Pressestimmen zum Album ME LOVE<\/strong><\/p>\n\n\n\n<p>\u201eGreis hat sein pers\u00f6nliches Meisterwerk eingespielt, einen Meilenstein des Schweizer Rap (&#8230;) In den welschen Passagen \u00fcberholt Greis Kollege Stress mit links.\u201c<br><em>NZZ am Sonntag, 08.04.2012<\/em><\/p>\n\n\n\n<p>\u201eBei keinem verquirlen sich Schlauheit, Scharfblick und Wortwitz \u00e4hnlich locker zu Poesie. Man h\u00f6rt diesem gl\u00fccklichen, unverkrampften Greis lieber zu denn je.\u201c<br><em>Tages-Anzeiger, 14.04.2012<\/em><\/p>\n\n\n\n<p>\u201eDer 34-J\u00e4hrige mit dem geschmeidigsten Flow zwischen Lausanne und Chur kreiert einen Kunst-Rap, der in den besten Momenten die Wucht von Eminem entwickelt\u201c<br><em>Sonntagszeitung, 15.04.2012<\/em><\/p>\n\n\n\n<p>\u201e..vor allem ist \u201eMe Love\u201c eine sehr lustige Platte geworden (&#8230;) ein h\u00f6chst genussreiches Werk.\u201c<br><em>Basler Zeitung, 21.04.2012<\/em><\/p>\n\n\n\n<p><strong>GREIS \u00abME LOVE\u00bbPRESSETEXT<\/strong><br>&#8222;i bi nid vo da \/ i chume vo de St\u00e4rne \/ und irgendwenn \/ wirdi o wider heime gah.&#8220;<\/p>\n\n\n\n<p>Die ersten Singles aus dem neuen Album \u00abENFANT DES ETOILES\u00bb und \u00abLAZERMAN\u00bb lassen es uns ahnen: dieser Rapper mit dem metaphysischen Flow kommt in Wahrheit von den Sternen.<\/p>\n\n\n\n<p>Das neue Album \u00abME LOVE\u00bb nimmt uns mit auf eine Reise: im Cockpit eines selbstgebastelten Lego-Raumschiffes flitzen wir mit einer Gleitfluggeschwindigkeit von bis zu 145 BPM durch das greis\u2019sche Universum. Das Leben zieht mit Lichtgeschwindigkeit an uns vor\u00fcber. Wir besuchen GREIS von morgen, fallen in schwarze L\u00f6cher, kreisen im Orbit der Venus, tanzen betrunken auf der Dachterrasse und lassen uns retten von verzweifelten Superhelden.<\/p>\n\n\n\n<p>Der intergalaktische Soundtrack ist passend innovativ: die Beats reichen von l\u00e4ssig entspannt bis atemberaubend intensiv. Claud, der Meister der hiesigen Hip Hop Produzenten, hat dem Werk die perfekte Leuchtkraft verliehen!<\/p>\n\n\n\n<p>\u2013 <a href=\"http:\/\/www.greis.ch\/blog\/wp-content\/uploads\/2012\/04\/Greis_Pressetext_2012.pdf\" target=\"_blank\" rel=\"noreferrer noopener\">Ausf\u00fchrlicher Pressetext als Download (PDF)<\/a><\/p>\n\n\n\n<h3 class=\"wp-block-heading\">KONTAKT:<\/h3>\n\n\n\n<p><a href=\"http:\/\/www.soundservice.ch\" target=\"_blank\" rel=\"noreferrer noopener\">www.soundservice.ch<\/a><br><a href=\"mailto:s.widmer@soundservice.ch\">Sylvie Widmer<\/a><br>+41 31 954 65 65<\/p>\n\n\n\n<h3 class=\"wp-block-heading\">PRESSESTIMMEN:<\/h3>\n\n\n\n<p>08.04.2012 &#8211; <a href=\"http:\/\/www.greis.ch\/blog\/wp-content\/uploads\/2012\/04\/NZZ-Bericht-Greis-8.4.12.jpg\" target=\"_blank\" rel=\"noreferrer noopener\">NZZ am Sonntag: Er muss die Welt nicht mehr retten<\/a><br>11.04.2012 &#8211; <a href=\"http:\/\/www.greis.ch\/blog\/wp-content\/uploads\/2012\/04\/KW15-Aargauer-Zeitung.pdf\" target=\"_blank\" rel=\"noreferrer noopener\">Aargauerzeitung: Wann switcht Greis ins Franz\u00f6sische?<\/a><br>11.04.2012 &#8211; <a href=\"http:\/\/www.tagesanzeiger.ch\/kultur\/pop-und-jazz\/Revoluzzer-mit-Blick-fuers-Wesentliche-\/story\/14140023\" target=\"_blank\" rel=\"noreferrer noopener\">Tagesanzeiger: Revoluzzer mit Weitsicht<\/a><br>13.04.2012 &#8211; <a href=\"http:\/\/www.trespass.ch\/Web\/de\/Bands_A-Z\/G\/Greis\/Greis_Me_Love_Soundservice.htm\" target=\"_blank\" rel=\"noreferrer noopener\">Trespass: Me Love Review<\/a><br>13.04.2012 &#8211; <a href=\"http:\/\/www.joiz.ch\/frisch\/noiz\/20969456374\/1\/greis-veroffentlicht-me-love\" target=\"_blank\" rel=\"noreferrer noopener\">Joiz &#8211; Greis ver\u00f6ffentlicht ME LOVE<\/a><br>13.04.2012 &#8211; <a href=\"http:\/\/www.videoportal.sf.tv\/video?id=ebfa9d6b-8376-4d78-bf5b-1e2bcae04d00\" target=\"_blank\" rel=\"noreferrer noopener\">SF DRS: Greis auf dem Videoportal von SF DRS<\/a><br>14.04.2012 &#8211; <a href=\"http:\/\/www.derbund.ch\/agenda\/musik\/\/Der-Greis-auf-Butterfahrt\/story\/17227353\" target=\"_blank\" rel=\"noreferrer noopener\">Der Bund: Der Greis auf Butterfahrt<\/a><br>14.04.2012 &#8211; <a href=\"http:\/\/www.greis.ch\/blog\/wp-content\/uploads\/2012\/04\/14.4.12-Tagesanzeiger-Greis-auf-musikalischer-Vergn\u00fcgungsfahrt1.pdf\" target=\"_blank\" rel=\"noreferrer noopener\">Tagesanzeiger: Ein gl\u00fccklicher Greis auf musikalischer Vergn\u00fcgungsfahrt<br><\/a> 15.04.2012 &#8211; <a href=\"http:\/\/www.tageswoche.ch\/de\/2012_15\/kultur\/415545\/%C2%ABEs-f%C3%A4gt-ein-Bastard-zu-sein!%C2%BB.htm\" target=\"_blank\" rel=\"noreferrer noopener\">Tageswoche: Es f\u00e4gt, ein Bastard zu sein! (Interview Teil I)<br><\/a>15.04.2012 &#8211; <a href=\"http:\/\/www.greis.ch\/blog\/wp-content\/uploads\/2012\/04\/bericht-sonntagszeitung1.jpg\" target=\"_blank\" rel=\"noreferrer noopener\">Sonntagszeitung: Album Review<\/a><br>16.04.2012 &#8211; <a href=\"http:\/\/www.tageswoche.ch\/de\/2012_15\/kultur\/415621\/%C2%ABIch-will-kein-Overachiever-mehr-sein%C2%BB.htm\" target=\"_blank\" rel=\"noreferrer noopener\">Tageswoche: Ich will kein Overachiver mehr sein (Interview Teil II)<\/a><br>16.04.2012 &#8211; <a href=\"http:\/\/www.energy.ch\/zurich\/programm\/id\/greis-die-bitch-der-schweiz\/\" target=\"_blank\" rel=\"noreferrer noopener\">Energy Z\u00fcrich: Greis, die Bitch der Schweiz<\/a><br>20.04.2012 &#8211; <a href=\"http:\/\/www.greis.ch\/blog\/wp-content\/uploads\/2012\/04\/20.4.12-St.Galler-Tagblatt-Greis-Bericht.pdf\" target=\"_blank\" rel=\"noreferrer noopener\">St.Galler Tagblatt: I weiss, i bi guet<br><\/a>21.04.2012 &#8211; <a href=\"http:\/\/www.greis.ch\/blog\/wp-content\/uploads\/2012\/04\/Greis-Basler-Zeitung-21.4.12.pdf\" target=\"_blank\" rel=\"noreferrer noopener\">Basler Zeitung:&nbsp;Ganz sch\u00f6n bissig, aber am Ende&nbsp;doch auf der guten Seite<\/a><br>23.04.2012 &#8211; <a href=\"http:\/\/blogs.tageswoche.ch\/de\/blogs\/wochengedicht\/417412\/Wochengedicht-3-%C2%ABMini-Bitch%C2%BB-von-Greis.htm\" target=\"_blank\" rel=\"noreferrer noopener\">Tageswoche &#8211; Wochengedicht 3: Mini Bitch von Greis<br><\/a>23.04.2012 &#8211;&nbsp;<a href=\"http:\/\/www.drs.ch\/lib\/player\/radio.php?audiourl=rtmp%3A%2F%2Fcp23910.edgefcs.net%2Fondemand%2Fmpc%2Fdrs3%2Ffocus%2F2012%2F230412_greis.mp3&amp;sg=10000128&amp;sh=10220715&amp;type=popup&amp;skin=srdrs\" target=\"_blank\" rel=\"noreferrer noopener\">Focus auf DRS3 &#8211; Interview mit Greis<br><\/a>25.04.2012 &#8211; <a href=\"http:\/\/www.greis.ch\/blog\/wp-content\/uploads\/2012\/04\/Greis-kulturagenda-Die-neue-Lockerheit-des-Klassenprimus.pdf\" target=\"_blank\" rel=\"noreferrer noopener\">Kulturagenda &#8211; Die neue Lockerheit des Klassenprimus<br><\/a>26.04.2012 &#8211; <a href=\"http:\/\/www.greis.ch\/blog\/wp-content\/uploads\/2012\/04\/Greis-Blick-am-Abend-Enspannt-engagiert.pdf\" target=\"_blank\" rel=\"noreferrer noopener\">Blick am Abend: Enspannt engagiert<br><\/a>02.05.2012 &#8211; <a href=\"http:\/\/klangbuero.ch\/2012\/05\/greis-%E2%80%93-neues-album-kurzinterview-und-albumverlosung\/\" target=\"_blank\" rel=\"noreferrer noopener\">Klangbuero.ch: Kurzinterview<br><\/a>04.05.2012 &#8211; <a href=\"http:\/\/www.greis.ch\/blog\/wp-content\/uploads\/2012\/04\/Greis-Berner-Oberl\u00e4nder-Bericht-4.5.12.pdf\" target=\"_blank\" rel=\"noreferrer noopener\">Berner Oberl\u00e4nder: Greis am Rock the Village<br><\/a>14.05.2012 &#8211; <a href=\"http:\/\/www.greis.ch\/blog\/wp-content\/uploads\/2012\/04\/Greis-Aargauer-Zeitung-14.5.20121.pdf\" target=\"_blank\" rel=\"noreferrer noopener\">Aargauer Zeitung: Wer het scho mau of em Schloss Lenzburg knuutschet?<br><\/a>24.05.2012 &#8211; <a href=\"http:\/\/www.greis.ch\/blog\/wp-content\/uploads\/2012\/04\/Greis-Z\u00fcrcher-Oberl\u00e4nder-Bericht1.pdf\">Greis-Z\u00fcrcher Oberl\u00e4nder Bericht<\/a><br>25.06.2012 &#8211;&nbsp; <a href=\"http:\/\/www.greis.ch\/blog\/wp-content\/uploads\/2012\/04\/BZ-25.06.12-Starke-Stimmen-auf-dem-Gestadeckplatz.pdf\" target=\"_blank\" rel=\"noreferrer noopener\">BZ: Starke Stimmen auf dem Gestadeckplatz<\/a><br>04.07.2012 &#8211; <a href=\"http:\/\/www.schweizer-illustrierte.ch\/prominente\/rap-schlager-cover-greis-calimeros-cover-me-interview\" target=\"_blank\" rel=\"noreferrer noopener\">Cover Me &#8211; Rap trifft auf Schlager<\/a><br>06.07.2012 &#8211; <a href=\"http:\/\/www.videoportal.sf.tv\/video?id=df5b6074-8ce4-4421-beb1-121c86b20cf7;DCSext.zugang=videoportal_teaserbox\" target=\"_blank\" rel=\"noreferrer noopener\">Sendung Cover Me auf SF1 (vom 5.7.2012)<\/a><br>20.02.2013 &#8211; <a href=\"http:\/\/www.20min.ch\/ro\/musique\/news\/story\/Greis---J-ai-toujours-deboussole-mes-fans--14298312\" target=\"_blank\" rel=\"noreferrer noopener\">Article sur Anatomy dans le 20 Minutes<\/a><br>14.01.2013 &#8211; <a href=\"http:\/\/www.3sat.de\/mediathek\/index.php?display=1&amp;mode=play&amp;obj=34289\" target=\"_blank\" rel=\"noreferrer noopener\">Sendung &#8222;Berg und Geist&#8220; mit Greis auf 3SAT<\/a><br>15.04.2013 &#8211; <a href=\"http:\/\/www.bernerzeitung.ch\/region\/bern\/Bern-ist-eine-Stadt-mit-Eiern\/story\/20447341\" target=\"_blank\" rel=\"noreferrer noopener\">Interview in der Berner Zeitung<\/a><br>13.03.2013 &#8211; <a href=\"http:\/\/www.tageswoche.ch\/de\/2013_10\/kultur\/520463\/vom-narziss-zum-goldmund-die-renaissance-des-schweizer-rap.htm\" target=\"_blank\" rel=\"noreferrer noopener\">Anatomy in der TagesWoche<\/a><\/p>\n","protected":false},"excerpt":{"rendered":"<p>Pressestimmen zu &#8222;H\u00fcnd i parkierte Outos&#8220;: Artikel im&nbsp;Schwarzw\u00e4lder Bote \u00fcber die Greis-Show in Baden W\u00fcrttemberg am 03.09.2016 \u201eWenn sich ein talentvoller Mann in den Kokon zur\u00fcckzieht um in Ruhe zu arbeiten, dann ist das halt immer noch: Einsame Klasse.\u201c Tages-Anzeiger, 03.12.2015 &#8222;Der Herbert Gr\u00f6nemeyer vom Schweizer Rap.&#8220; Radio SRF3, 03.03.2016 \u201eWie Greis den Beginn der [&hellip;]<\/p>\n","protected":false},"author":2,"featured_media":0,"parent":0,"menu_order":0,"comment_status":"closed","ping_status":"closed","template":"","meta":{"footnotes":""},"class_list":["post-1434","page","type-page","status-publish","hentry"],"_links":{"self":[{"href":"http:\/\/www.greis.ch\/blog\/wp-json\/wp\/v2\/pages\/1434","targetHints":{"allow":["GET"]}}],"collection":[{"href":"http:\/\/www.greis.ch\/blog\/wp-json\/wp\/v2\/pages"}],"about":[{"href":"http:\/\/www.greis.ch\/blog\/wp-json\/wp\/v2\/types\/page"}],"author":[{"embeddable":true,"href":"http:\/\/www.greis.ch\/blog\/wp-json\/wp\/v2\/users\/2"}],"replies":[{"embeddable":true,"href":"http:\/\/www.greis.ch\/blog\/wp-json\/wp\/v2\/comments?post=1434"}],"version-history":[{"count":1,"href":"http:\/\/www.greis.ch\/blog\/wp-json\/wp\/v2\/pages\/1434\/revisions"}],"predecessor-version":[{"id":1435,"href":"http:\/\/www.greis.ch\/blog\/wp-json\/wp\/v2\/pages\/1434\/revisions\/1435"}],"wp:attachment":[{"href":"http:\/\/www.greis.ch\/blog\/wp-json\/wp\/v2\/media?parent=1434"}],"curies":[{"name":"wp","href":"https:\/\/api.w.org\/{rel}","templated":true}]}}